{"id":2,"date":"2014-04-09T04:46:32","date_gmt":"2014-04-09T02:46:32","guid":{"rendered":"http:\/\/localhost\/wordpress-3.8.2\/wordpress\/?page_id=2"},"modified":"2015-08-25T09:39:09","modified_gmt":"2015-08-25T07:39:09","slug":"sample-page","status":"publish","type":"page","link":"https:\/\/parkeerstrateeg.nl\/?page_id=2","title":{"rendered":"Wat ik doe"},"content":{"rendered":"<p><strong><a href=\"http:\/\/parkeerstrateeg.nl\/wp-content\/uploads\/2014\/07\/20110531-vierkant-logo-internet.jpg\"><img decoding=\"async\" loading=\"lazy\" class=\"alignleft wp-image-8 size-full\" src=\"http:\/\/parkeerstrateeg.nl\/wp-content\/uploads\/2014\/07\/20110531-vierkant-logo-internet.jpg\" alt=\"20110531 vierkant logo internet\" width=\"65\" height=\"73\" \/><\/a>De filosofie achter Parkeerstrateeg is in 1993 ontstaan vanuit de\u00a0overtuiging\u00a0dat parkeervraagstukken meer zijn dan verkeerskundige uitdagingen. Samenleving en economie spelen een grotere rol dan we ons vaak realiseren. Het is mensenwerk. Daarom is er meer nodig dan techniek om parkeren in goede banen te leiden.\u00a0<\/strong><\/p>\n<p><a href=\"http:\/\/parkeerstrateeg.nl\/wp-content\/uploads\/2014\/04\/parkeren-is-meer.png\" target=\"_blank\"><img decoding=\"async\" loading=\"lazy\" class=\"aligncenter wp-image-572 size-large\" src=\"http:\/\/parkeerstrateeg.nl\/wp-content\/uploads\/2014\/04\/parkeren-is-meer-1024x563.png\" alt=\"\" width=\"640\" height=\"352\" srcset=\"https:\/\/parkeerstrateeg.nl\/wp-content\/uploads\/2014\/04\/parkeren-is-meer-1024x563.png 1024w, https:\/\/parkeerstrateeg.nl\/wp-content\/uploads\/2014\/04\/parkeren-is-meer-300x165.png 300w, https:\/\/parkeerstrateeg.nl\/wp-content\/uploads\/2014\/04\/parkeren-is-meer-700x385.png 700w, https:\/\/parkeerstrateeg.nl\/wp-content\/uploads\/2014\/04\/parkeren-is-meer.png 1350w\" sizes=\"(max-width: 640px) 100vw, 640px\" \/><\/a><\/p>\n<p>&nbsp;<\/p>\n<p><a href=\"http:\/\/parkeerstrateeg.nl\/wp-content\/uploads\/2014\/04\/overzien-en-overtuigen1.png\" target=\"_blank\"><img decoding=\"async\" loading=\"lazy\" class=\"alignleft wp-image-619 size-medium\" src=\"http:\/\/parkeerstrateeg.nl\/wp-content\/uploads\/2014\/04\/overzien-en-overtuigen1-300x163.png\" alt=\"overzien en overtuigen\" width=\"300\" height=\"163\" srcset=\"https:\/\/parkeerstrateeg.nl\/wp-content\/uploads\/2014\/04\/overzien-en-overtuigen1-300x163.png 300w, https:\/\/parkeerstrateeg.nl\/wp-content\/uploads\/2014\/04\/overzien-en-overtuigen1-1024x557.png 1024w, https:\/\/parkeerstrateeg.nl\/wp-content\/uploads\/2014\/04\/overzien-en-overtuigen1-700x380.png 700w, https:\/\/parkeerstrateeg.nl\/wp-content\/uploads\/2014\/04\/overzien-en-overtuigen1.png 1402w\" sizes=\"(max-width: 300px) 100vw, 300px\" \/><\/a>Met de door de jaren heen ontwikkelde aanpak &#8220;Overzien en Overtuigen&#8221; ontwikkel ik samen met opdrachtgever en omgeving op maat gemaakte maatregelen waarbij &#8220;Dialoog en Draagvlak&#8221; steeds voorop staan. &#8220;Overzien&#8221; staat voor het strategie die van visie naar actie leidt en &#8220;overtuigen&#8221; staat voor de communicatie dat daarbij hoort, communicatie met iedereen die bij het proces betrokken is.<\/p>\n<p>&nbsp;<\/p>\n<p><a href=\"http:\/\/parkeerstrateeg.nl\/wp-content\/uploads\/2014\/04\/drie-ees.png\" target=\"_blank\"><img decoding=\"async\" loading=\"lazy\" class=\"alignleft wp-image-579 size-medium\" src=\"http:\/\/parkeerstrateeg.nl\/wp-content\/uploads\/2014\/04\/drie-ees-300x122.png\" alt=\"drie ees\" width=\"300\" height=\"122\" srcset=\"https:\/\/parkeerstrateeg.nl\/wp-content\/uploads\/2014\/04\/drie-ees-300x122.png 300w, https:\/\/parkeerstrateeg.nl\/wp-content\/uploads\/2014\/04\/drie-ees-1024x416.png 1024w, https:\/\/parkeerstrateeg.nl\/wp-content\/uploads\/2014\/04\/drie-ees-700x284.png 700w, https:\/\/parkeerstrateeg.nl\/wp-content\/uploads\/2014\/04\/drie-ees.png 1386w\" sizes=\"(max-width: 300px) 100vw, 300px\" \/><\/a><\/p>\n<p>Bij het maken van de plannen maak ik gebruik van de klassieke opvattingen over strategie: de drie E&#8217;s. Waarom? Omdat deze uitstekend passen bij de vraagstukken die we in de parkeerwereld tegenkomen.<\/p>\n<p>Parkeerstrateeg maakt geen rapporten van ruim honderd pagina&#8217;s maar werkt met &#8220;knelpuntenborden&#8221; en &#8220;strategieborden&#8221;. Die laatste worden pas nader uitgewerkt als ze \u00e9cht aan de orde zijn. Dan ligt er een actueel deelplan waarover mensen kunnen besluiten volgens de nieuwste inzichten.<\/p>\n<p>En als er een op zichzelf staand parkeervraagstuk opgelost moet worden, dan maken we \u00e9\u00e9n knelpuntenbord en \u00e9\u00e9n strategiebord. Bijvoorbeeld voor de vraag of er nog ge\u00efnvesteerd moet worden in nieuwe parkeerautomaten.<\/p>\n<figure id=\"attachment_601\" aria-describedby=\"caption-attachment-601\" style=\"width: 640px\" class=\"wp-caption aligncenter\"><a href=\"http:\/\/parkeerstrateeg.nl\/wp-content\/uploads\/2014\/04\/strategiebord.png\" target=\"_blank\"><img decoding=\"async\" loading=\"lazy\" class=\"wp-image-601 size-large\" src=\"http:\/\/parkeerstrateeg.nl\/wp-content\/uploads\/2014\/04\/strategiebord-1024x568.png\" alt=\"strategiebord\" width=\"640\" height=\"355\" srcset=\"https:\/\/parkeerstrateeg.nl\/wp-content\/uploads\/2014\/04\/strategiebord-1024x568.png 1024w, https:\/\/parkeerstrateeg.nl\/wp-content\/uploads\/2014\/04\/strategiebord-300x167.png 300w, https:\/\/parkeerstrateeg.nl\/wp-content\/uploads\/2014\/04\/strategiebord-700x389.png 700w, https:\/\/parkeerstrateeg.nl\/wp-content\/uploads\/2014\/04\/strategiebord.png 1362w\" sizes=\"(max-width: 640px) 100vw, 640px\" \/><\/a><figcaption id=\"caption-attachment-601\" class=\"wp-caption-text\">Voorbeeld strategiebord<\/figcaption><\/figure>\n<p>De wereld verandert tegenwoordig zo snel dat het geen zin heeft om tien jaar vooruit te kijken. Vooral op het gebied van ICT gaat het razendsnel. We betalen ons parkeergeld met een app, auto&#8217;s kunnen zichzelf inmiddels parkeren en een Tesla is een iPad op wielen. Hadden we dat tien jaar geleden kunnen bedenken? Ook daar is een term voor: scrum. Als je zorgt dat je een heldere visie (waarom?) hebt en als de paden die je kunt bewandelen goed beschreven zijn (hoe?), dan is het ondernemen van actie (wat?) op elk gewenst moment mogelijk.<\/p>\n<p><a href=\"http:\/\/parkeerstrateeg.nl\/wp-content\/uploads\/2014\/04\/waarom-hoe-wat.png\" target=\"_blank\"><img decoding=\"async\" loading=\"lazy\" class=\"aligncenter wp-image-586 size-large\" src=\"http:\/\/parkeerstrateeg.nl\/wp-content\/uploads\/2014\/04\/waarom-hoe-wat-1024x572.png\" alt=\"waarom hoe wat\" width=\"640\" height=\"358\" srcset=\"https:\/\/parkeerstrateeg.nl\/wp-content\/uploads\/2014\/04\/waarom-hoe-wat-1024x572.png 1024w, https:\/\/parkeerstrateeg.nl\/wp-content\/uploads\/2014\/04\/waarom-hoe-wat-300x168.png 300w, https:\/\/parkeerstrateeg.nl\/wp-content\/uploads\/2014\/04\/waarom-hoe-wat-700x391.png 700w, https:\/\/parkeerstrateeg.nl\/wp-content\/uploads\/2014\/04\/waarom-hoe-wat.png 1350w\" sizes=\"(max-width: 640px) 100vw, 640px\" \/><\/a><\/p>\n<p>Parkeerstrateeg maakt geen rapporten maar instrumenten. Schema&#8217;s en overzichten spelen een belangrijkere rol dan ellenlange zinnen. &#8220;Een beeld zegt meer dan duizend woorden&#8221;, tenslotte.<\/p>\n<hr \/>\n<p style=\"text-align: center;\"><em>Visie zonder actie is dagdromen, a<\/em><em>ctie zonder visie is een nachtmerrie<\/em><\/p>\n<h4><\/h4>\n","protected":false},"excerpt":{"rendered":"<p>De filosofie achter Parkeerstrateeg is in 1993 ontstaan vanuit de\u00a0overtuiging\u00a0dat parkeervraagstukken meer zijn dan verkeerskundige uitdagingen. Samenleving en economie spelen een grotere rol dan we ons vaak realiseren. Het is mensenwerk. Daarom is er meer nodig dan techniek om parkeren in goede banen te leiden.\u00a0 &nbsp; Met de door de jaren heen ontwikkelde aanpak &#8220;Overzien [&hellip;]<\/p>\n","protected":false},"author":1,"featured_media":0,"parent":0,"menu_order":1,"comment_status":"closed","ping_status":"closed","template":"","meta":{"footnotes":""},"_links":{"self":[{"href":"https:\/\/parkeerstrateeg.nl\/index.php?rest_route=\/wp\/v2\/pages\/2"}],"collection":[{"href":"https:\/\/parkeerstrateeg.nl\/index.php?rest_route=\/wp\/v2\/pages"}],"about":[{"href":"https:\/\/parkeerstrateeg.nl\/index.php?rest_route=\/wp\/v2\/types\/page"}],"author":[{"embeddable":true,"href":"https:\/\/parkeerstrateeg.nl\/index.php?rest_route=\/wp\/v2\/users\/1"}],"replies":[{"embeddable":true,"href":"https:\/\/parkeerstrateeg.nl\/index.php?rest_route=%2Fwp%2Fv2%2Fcomments&post=2"}],"version-history":[{"count":5,"href":"https:\/\/parkeerstrateeg.nl\/index.php?rest_route=\/wp\/v2\/pages\/2\/revisions"}],"predecessor-version":[{"id":663,"href":"https:\/\/parkeerstrateeg.nl\/index.php?rest_route=\/wp\/v2\/pages\/2\/revisions\/663"}],"wp:attachment":[{"href":"https:\/\/parkeerstrateeg.nl\/index.php?rest_route=%2Fwp%2Fv2%2Fmedia&parent=2"}],"curies":[{"name":"wp","href":"https:\/\/api.w.org\/{rel}","templated":true}]}}